{"id":5978,"date":"2026-03-27T17:41:59","date_gmt":"2026-03-27T22:41:59","guid":{"rendered":"https:\/\/cristalcolorfz.com.co\/index.php\/producto\/suero-facial-bioaqua-centella-asiatica\/"},"modified":"2026-03-27T17:41:59","modified_gmt":"2026-03-27T22:41:59","slug":"suero-facial-bioaqua-centella-asiatica","status":"publish","type":"product","link":"https:\/\/cristalcolorfz.com.co\/index.php\/producto\/suero-facial-bioaqua-centella-asiatica\/","title":{"rendered":"Hidratante De Labios BIOAQUA"},"content":{"rendered":"<p>\ud83c\udf3f Calma y repara: Ayuda a reducir irritaciones, rojeces y marcas de acn\u00e9.<\/p>\n<p>\ud83d\udca7 Hidrataci\u00f3n ligera: Nutre la piel sin sensaci\u00f3n grasa, dej\u00e1ndola suave y fresca.<\/p>\n<p>\u2728 Mejora la elasticidad: Favorece la regeneraci\u00f3n de la piel y su apariencia saludable.<\/p>\n<p>\ud83d\udd04<\/p>\n","protected":false},"excerpt":{"rendered":"<p>\ud83c\udf3f Calma y repara: Ayuda a reducir irritaciones, rojeces y marcas de acn\u00e9. \ud83d\udca7 Hidrataci\u00f3n ligera: Nutre la piel sin sensaci\u00f3n grasa, dej\u00e1ndola suave y fresca. \u2728 Mejora la elasticidad: Favorece la regeneraci\u00f3n de la piel y su apariencia saludable. \ud83d\udd04<\/p>\n","protected":false},"featured_media":5976,"template":"","meta":{"site-sidebar-layout":"default","site-content-layout":"default","ast-global-header-display":"","ast-banner-title-visibility":"","ast-main-header-display":"","ast-hfb-above-header-display":"","ast-hfb-below-header-display":"","ast-hfb-mobile-header-display":"","site-post-title":"","ast-breadcrumbs-content":"","ast-featured-img":"","footer-sml-layout":"","theme-transparent-header-meta":"","adv-header-id-meta":"","stick-header-meta":"","header-above-stick-meta":"","header-main-stick-meta":"","header-below-stick-meta":""},"product_brand":[],"product_cat":[46],"product_tag":[],"class_list":{"0":"post-5978","1":"product","2":"type-product","3":"status-publish","4":"has-post-thumbnail","6":"product_cat-73-cuidado-facial","7":"desktop-align-left","8":"tablet-align-left","9":"mobile-align-left","10":"ast-product-gallery-layout-horizontal-slider","12":"first","13":"instock","14":"shipping-taxable","15":"purchasable","16":"product-type-simple"},"jetpack_sharing_enabled":true,"_links":{"self":[{"href":"https:\/\/cristalcolorfz.com.co\/index.php\/wp-json\/wp\/v2\/product\/5978","targetHints":{"allow":["GET"]}}],"collection":[{"href":"https:\/\/cristalcolorfz.com.co\/index.php\/wp-json\/wp\/v2\/product"}],"about":[{"href":"https:\/\/cristalcolorfz.com.co\/index.php\/wp-json\/wp\/v2\/types\/product"}],"wp:featuredmedia":[{"embeddable":true,"href":"https:\/\/cristalcolorfz.com.co\/index.php\/wp-json\/wp\/v2\/media\/5976"}],"wp:attachment":[{"href":"https:\/\/cristalcolorfz.com.co\/index.php\/wp-json\/wp\/v2\/media?parent=5978"}],"wp:term":[{"taxonomy":"product_brand","embeddable":true,"href":"https:\/\/cristalcolorfz.com.co\/index.php\/wp-json\/wp\/v2\/product_brand?post=5978"},{"taxonomy":"product_cat","embeddable":true,"href":"https:\/\/cristalcolorfz.com.co\/index.php\/wp-json\/wp\/v2\/product_cat?post=5978"},{"taxonomy":"product_tag","embeddable":true,"href":"https:\/\/cristalcolorfz.com.co\/index.php\/wp-json\/wp\/v2\/product_tag?post=5978"}],"curies":[{"name":"wp","href":"https:\/\/api.w.org\/{rel}","templated":true}]}}