{"id":5971,"date":"2026-03-27T17:41:52","date_gmt":"2026-03-27T22:41:52","guid":{"rendered":"https:\/\/cristalcolorfz.com.co\/index.php\/producto\/rubor-ushas-liquido\/"},"modified":"2026-03-27T17:41:52","modified_gmt":"2026-03-27T22:41:52","slug":"rubor-ushas-liquido","status":"publish","type":"product","link":"https:\/\/cristalcolorfz.com.co\/index.php\/producto\/rubor-ushas-liquido\/","title":{"rendered":"MASCARILLA BARRO MINERAL BIOAQUA"},"content":{"rendered":"<p>Textura l\u00edquida suave y f\u00e1cil de trabajar<\/p>\n<p>Alta pigmentaci\u00f3n (usa muy poca cantidad)<\/p>\n<p>Acabado natural y luminoso<\/p>\n<p>Larga duraci\u00f3n<\/p>\n<p>Ideal para looks diarios o maquillaje m\u00e1s elaborado<\/p>\n","protected":false},"excerpt":{"rendered":"<p>Textura l\u00edquida suave y f\u00e1cil de trabajar Alta pigmentaci\u00f3n (usa muy poca cantidad) Acabado natural y luminoso Larga duraci\u00f3n Ideal para looks diarios o maquillaje m\u00e1s elaborado<\/p>\n","protected":false},"featured_media":5970,"template":"","meta":{"site-sidebar-layout":"default","site-content-layout":"default","ast-global-header-display":"","ast-banner-title-visibility":"","ast-main-header-display":"","ast-hfb-above-header-display":"","ast-hfb-below-header-display":"","ast-hfb-mobile-header-display":"","site-post-title":"","ast-breadcrumbs-content":"","ast-featured-img":"","footer-sml-layout":"","theme-transparent-header-meta":"","adv-header-id-meta":"","stick-header-meta":"","header-above-stick-meta":"","header-main-stick-meta":"","header-below-stick-meta":""},"product_brand":[],"product_cat":[90],"product_tag":[],"class_list":{"0":"post-5971","1":"product","2":"type-product","3":"status-publish","4":"has-post-thumbnail","6":"product_cat-72-rostro","7":"desktop-align-left","8":"tablet-align-left","9":"mobile-align-left","10":"ast-product-gallery-layout-horizontal-slider","11":"ast-product-gallery-with-no-image","13":"first","14":"instock","15":"shipping-taxable","16":"purchasable","17":"product-type-simple"},"jetpack_sharing_enabled":true,"_links":{"self":[{"href":"https:\/\/cristalcolorfz.com.co\/index.php\/wp-json\/wp\/v2\/product\/5971","targetHints":{"allow":["GET"]}}],"collection":[{"href":"https:\/\/cristalcolorfz.com.co\/index.php\/wp-json\/wp\/v2\/product"}],"about":[{"href":"https:\/\/cristalcolorfz.com.co\/index.php\/wp-json\/wp\/v2\/types\/product"}],"wp:featuredmedia":[{"embeddable":true,"href":"https:\/\/cristalcolorfz.com.co\/index.php\/wp-json\/wp\/v2\/media\/5970"}],"wp:attachment":[{"href":"https:\/\/cristalcolorfz.com.co\/index.php\/wp-json\/wp\/v2\/media?parent=5971"}],"wp:term":[{"taxonomy":"product_brand","embeddable":true,"href":"https:\/\/cristalcolorfz.com.co\/index.php\/wp-json\/wp\/v2\/product_brand?post=5971"},{"taxonomy":"product_cat","embeddable":true,"href":"https:\/\/cristalcolorfz.com.co\/index.php\/wp-json\/wp\/v2\/product_cat?post=5971"},{"taxonomy":"product_tag","embeddable":true,"href":"https:\/\/cristalcolorfz.com.co\/index.php\/wp-json\/wp\/v2\/product_tag?post=5971"}],"curies":[{"name":"wp","href":"https:\/\/api.w.org\/{rel}","templated":true}]}}