{"id":5943,"date":"2026-03-27T17:41:19","date_gmt":"2026-03-27T22:41:19","guid":{"rendered":"https:\/\/cristalcolorfz.com.co\/index.php\/producto\/protector-solar-dolce-bella-barra-sfp50-15grm\/"},"modified":"2026-04-01T11:22:08","modified_gmt":"2026-04-01T16:22:08","slug":"protector-solar-dolce-bella-barra-sfp50-15grm","status":"publish","type":"product","link":"https:\/\/cristalcolorfz.com.co\/index.php\/producto\/protector-solar-dolce-bella-barra-sfp50-15grm\/","title":{"rendered":"Suero Facial Clasico X 60ml"},"content":{"rendered":"<p>\u2714\ufe0f Presentaci\u00f3n en barra pr\u00e1ctica y port\u00e1til<\/p>\n<p>\u2714\ufe0f Aplicaci\u00f3n directa y sin ensuciar<\/p>\n<p>\u2714\ufe0f Textura suave y f\u00e1cil de deslizar<\/p>\n<p>\u2714\ufe0f No deja sensaci\u00f3n pesada<\/p>\n<p>\u2714\ufe0f Ideal para reaplicar sobre el maquillaje<\/p>\n<p>\u2714\ufe0f Apto para uso diario<\/p>\n","protected":false},"excerpt":{"rendered":"<p>\u2714\ufe0f Presentaci\u00f3n en barra pr\u00e1ctica y port\u00e1til \u2714\ufe0f Aplicaci\u00f3n directa y sin ensuciar \u2714\ufe0f Textura suave y f\u00e1cil de deslizar \u2714\ufe0f No deja sensaci\u00f3n pesada \u2714\ufe0f Ideal para reaplicar sobre el maquillaje \u2714\ufe0f Apto para uso diario<\/p>\n","protected":false},"featured_media":6487,"template":"","meta":{"site-sidebar-layout":"default","site-content-layout":"default","ast-global-header-display":"","ast-banner-title-visibility":"","ast-main-header-display":"","ast-hfb-above-header-display":"","ast-hfb-below-header-display":"","ast-hfb-mobile-header-display":"","site-post-title":"","ast-breadcrumbs-content":"","ast-featured-img":"","footer-sml-layout":"","theme-transparent-header-meta":"","adv-header-id-meta":"","stick-header-meta":"","header-above-stick-meta":"","header-main-stick-meta":"","header-below-stick-meta":""},"product_brand":[],"product_cat":[46],"product_tag":[],"class_list":{"0":"post-5943","1":"product","2":"type-product","3":"status-publish","4":"has-post-thumbnail","6":"product_cat-73-cuidado-facial","7":"desktop-align-left","8":"tablet-align-left","9":"mobile-align-left","10":"ast-product-gallery-layout-horizontal-slider","11":"ast-product-gallery-with-no-image","13":"first","14":"instock","15":"shipping-taxable","16":"purchasable","17":"product-type-simple"},"jetpack_sharing_enabled":true,"_links":{"self":[{"href":"https:\/\/cristalcolorfz.com.co\/index.php\/wp-json\/wp\/v2\/product\/5943","targetHints":{"allow":["GET"]}}],"collection":[{"href":"https:\/\/cristalcolorfz.com.co\/index.php\/wp-json\/wp\/v2\/product"}],"about":[{"href":"https:\/\/cristalcolorfz.com.co\/index.php\/wp-json\/wp\/v2\/types\/product"}],"wp:featuredmedia":[{"embeddable":true,"href":"https:\/\/cristalcolorfz.com.co\/index.php\/wp-json\/wp\/v2\/media\/6487"}],"wp:attachment":[{"href":"https:\/\/cristalcolorfz.com.co\/index.php\/wp-json\/wp\/v2\/media?parent=5943"}],"wp:term":[{"taxonomy":"product_brand","embeddable":true,"href":"https:\/\/cristalcolorfz.com.co\/index.php\/wp-json\/wp\/v2\/product_brand?post=5943"},{"taxonomy":"product_cat","embeddable":true,"href":"https:\/\/cristalcolorfz.com.co\/index.php\/wp-json\/wp\/v2\/product_cat?post=5943"},{"taxonomy":"product_tag","embeddable":true,"href":"https:\/\/cristalcolorfz.com.co\/index.php\/wp-json\/wp\/v2\/product_tag?post=5943"}],"curies":[{"name":"wp","href":"https:\/\/api.w.org\/{rel}","templated":true}]}}