{"id":5929,"date":"2026-03-27T17:40:58","date_gmt":"2026-03-27T22:40:58","guid":{"rendered":"https:\/\/cristalcolorfz.com.co\/index.php\/producto\/paltea-de-sombras-atenea-legacy-x9-tonos\/"},"modified":"2026-04-01T11:21:47","modified_gmt":"2026-04-01T16:21:47","slug":"paltea-de-sombras-atenea-legacy-x9-tonos","status":"publish","type":"product","link":"https:\/\/cristalcolorfz.com.co\/index.php\/producto\/paltea-de-sombras-atenea-legacy-x9-tonos\/","title":{"rendered":"ESPUMA LIMPIADORA HIDRANTANTE  ELAYA"},"content":{"rendered":"<p>\ud83c\udfa8 9 tonos en tonos tierra: combina colores c\u00e1lidos y neutrales perfectos para diario o noche.<\/p>\n<p>\ud83d\udfeb Acabados mixtos: incluye 6 mates y 3 satinados para profundidad y luminosidad.<\/p>\n<p>\ud83d\udd8c\ufe0f Alta pigmentaci\u00f3n y f\u00e1cil difuminaci\u00f3n: colores intensos que se mezclan<\/p>\n","protected":false},"excerpt":{"rendered":"<p>\ud83c\udfa8 9 tonos en tonos tierra: combina colores c\u00e1lidos y neutrales perfectos para diario o noche. \ud83d\udfeb Acabados mixtos: incluye 6 mates y 3 satinados para profundidad y luminosidad. \ud83d\udd8c\ufe0f Alta pigmentaci\u00f3n y f\u00e1cil difuminaci\u00f3n: colores intensos que se mezclan<\/p>\n","protected":false},"featured_media":6480,"template":"","meta":{"site-sidebar-layout":"default","site-content-layout":"default","ast-global-header-display":"","ast-banner-title-visibility":"","ast-main-header-display":"","ast-hfb-above-header-display":"","ast-hfb-below-header-display":"","ast-hfb-mobile-header-display":"","site-post-title":"","ast-breadcrumbs-content":"","ast-featured-img":"","footer-sml-layout":"","theme-transparent-header-meta":"","adv-header-id-meta":"","stick-header-meta":"","header-above-stick-meta":"","header-main-stick-meta":"","header-below-stick-meta":""},"product_brand":[],"product_cat":[87],"product_tag":[],"class_list":{"0":"post-5929","1":"product","2":"type-product","3":"status-publish","4":"has-post-thumbnail","6":"product_cat-86-pojos","7":"desktop-align-left","8":"tablet-align-left","9":"mobile-align-left","10":"ast-product-gallery-layout-horizontal-slider","11":"ast-product-gallery-with-no-image","13":"first","14":"instock","15":"shipping-taxable","16":"purchasable","17":"product-type-simple"},"jetpack_sharing_enabled":true,"_links":{"self":[{"href":"https:\/\/cristalcolorfz.com.co\/index.php\/wp-json\/wp\/v2\/product\/5929","targetHints":{"allow":["GET"]}}],"collection":[{"href":"https:\/\/cristalcolorfz.com.co\/index.php\/wp-json\/wp\/v2\/product"}],"about":[{"href":"https:\/\/cristalcolorfz.com.co\/index.php\/wp-json\/wp\/v2\/types\/product"}],"wp:featuredmedia":[{"embeddable":true,"href":"https:\/\/cristalcolorfz.com.co\/index.php\/wp-json\/wp\/v2\/media\/6480"}],"wp:attachment":[{"href":"https:\/\/cristalcolorfz.com.co\/index.php\/wp-json\/wp\/v2\/media?parent=5929"}],"wp:term":[{"taxonomy":"product_brand","embeddable":true,"href":"https:\/\/cristalcolorfz.com.co\/index.php\/wp-json\/wp\/v2\/product_brand?post=5929"},{"taxonomy":"product_cat","embeddable":true,"href":"https:\/\/cristalcolorfz.com.co\/index.php\/wp-json\/wp\/v2\/product_cat?post=5929"},{"taxonomy":"product_tag","embeddable":true,"href":"https:\/\/cristalcolorfz.com.co\/index.php\/wp-json\/wp\/v2\/product_tag?post=5929"}],"curies":[{"name":"wp","href":"https:\/\/api.w.org\/{rel}","templated":true}]}}