{"id":5889,"date":"2026-03-27T17:39:54","date_gmt":"2026-03-27T22:39:54","guid":{"rendered":"https:\/\/cristalcolorfz.com.co\/index.php\/producto\/polvo-illuminador-saniye-ice-cream\/"},"modified":"2026-04-01T11:20:50","modified_gmt":"2026-04-01T16:20:50","slug":"polvo-illuminador-saniye-ice-cream","status":"publish","type":"product","link":"https:\/\/cristalcolorfz.com.co\/index.php\/producto\/polvo-illuminador-saniye-ice-cream\/","title":{"rendered":"Gel Hidratante Facial RUBY ROSE"},"content":{"rendered":"<p>Tipo de producto: Polvo iluminador en tono inspirado en tonos \u201cice cream\u201d (cremosos y brillantes)<br \/>\n\u2022 Acabado: Iluminaci\u00f3n radiante y fresca, con destellos sutiles o m\u00e1s intensos seg\u00fan c\u00f3mo lo apliques<br \/>\n\u2022 Textura: Fina y sedosa, f\u00e1cil de difuminar para un <\/p>\n","protected":false},"excerpt":{"rendered":"<p>Tipo de producto: Polvo iluminador en tono inspirado en tonos \u201cice cream\u201d (cremosos y brillantes) \u2022 Acabado: Iluminaci\u00f3n radiante y fresca, con destellos sutiles o m\u00e1s intensos seg\u00fan c\u00f3mo lo apliques \u2022 Textura: Fina y sedosa, f\u00e1cil de difuminar para un<\/p>\n","protected":false},"featured_media":6459,"template":"","meta":{"site-sidebar-layout":"default","site-content-layout":"default","ast-global-header-display":"","ast-banner-title-visibility":"","ast-main-header-display":"","ast-hfb-above-header-display":"","ast-hfb-below-header-display":"","ast-hfb-mobile-header-display":"","site-post-title":"","ast-breadcrumbs-content":"","ast-featured-img":"","footer-sml-layout":"","theme-transparent-header-meta":"","adv-header-id-meta":"","stick-header-meta":"","header-above-stick-meta":"","header-main-stick-meta":"","header-below-stick-meta":""},"product_brand":[],"product_cat":[90],"product_tag":[],"class_list":{"0":"post-5889","1":"product","2":"type-product","3":"status-publish","4":"has-post-thumbnail","6":"product_cat-72-rostro","7":"desktop-align-left","8":"tablet-align-left","9":"mobile-align-left","10":"ast-product-gallery-layout-horizontal-slider","11":"ast-product-gallery-with-no-image","13":"first","14":"instock","15":"shipping-taxable","16":"purchasable","17":"product-type-simple"},"jetpack_sharing_enabled":true,"_links":{"self":[{"href":"https:\/\/cristalcolorfz.com.co\/index.php\/wp-json\/wp\/v2\/product\/5889","targetHints":{"allow":["GET"]}}],"collection":[{"href":"https:\/\/cristalcolorfz.com.co\/index.php\/wp-json\/wp\/v2\/product"}],"about":[{"href":"https:\/\/cristalcolorfz.com.co\/index.php\/wp-json\/wp\/v2\/types\/product"}],"wp:featuredmedia":[{"embeddable":true,"href":"https:\/\/cristalcolorfz.com.co\/index.php\/wp-json\/wp\/v2\/media\/6459"}],"wp:attachment":[{"href":"https:\/\/cristalcolorfz.com.co\/index.php\/wp-json\/wp\/v2\/media?parent=5889"}],"wp:term":[{"taxonomy":"product_brand","embeddable":true,"href":"https:\/\/cristalcolorfz.com.co\/index.php\/wp-json\/wp\/v2\/product_brand?post=5889"},{"taxonomy":"product_cat","embeddable":true,"href":"https:\/\/cristalcolorfz.com.co\/index.php\/wp-json\/wp\/v2\/product_cat?post=5889"},{"taxonomy":"product_tag","embeddable":true,"href":"https:\/\/cristalcolorfz.com.co\/index.php\/wp-json\/wp\/v2\/product_tag?post=5889"}],"curies":[{"name":"wp","href":"https:\/\/api.w.org\/{rel}","templated":true}]}}