{"id":5874,"date":"2026-03-27T17:39:39","date_gmt":"2026-03-27T22:39:39","guid":{"rendered":"https:\/\/cristalcolorfz.com.co\/index.php\/producto\/plumon-delineador-dolce-bella-negro\/"},"modified":"2026-04-01T11:20:33","modified_gmt":"2026-04-01T16:20:33","slug":"plumon-delineador-dolce-bella-negro","status":"publish","type":"product","link":"https:\/\/cristalcolorfz.com.co\/index.php\/producto\/plumon-delineador-dolce-bella-negro\/","title":{"rendered":"Base Liquida Aqua OG"},"content":{"rendered":"<p>\ud83d\udd8a\ufe0f Delineador tipo marcador negro \u2014 Dolce Bella<\/p>\n<p>\u2022 Tipo de producto: Delineador de ojos tipo plum\u00f3n (felt tip marker) con punta fina y flexible, dise\u00f1ado para crear l\u00edneas precisas y definidas f\u00e1cilmente.<br \/>\n\u2022 Color: Negro intenso mate, ideal para looks c<\/p>\n","protected":false},"excerpt":{"rendered":"<p>\ud83d\udd8a\ufe0f Delineador tipo marcador negro \u2014 Dolce Bella \u2022 Tipo de producto: Delineador de ojos tipo plum\u00f3n (felt tip marker) con punta fina y flexible, dise\u00f1ado para crear l\u00edneas precisas y definidas f\u00e1cilmente. \u2022 Color: Negro intenso mate, ideal para looks c<\/p>\n","protected":false},"featured_media":6451,"template":"","meta":{"site-sidebar-layout":"default","site-content-layout":"default","ast-global-header-display":"","ast-banner-title-visibility":"","ast-main-header-display":"","ast-hfb-above-header-display":"","ast-hfb-below-header-display":"","ast-hfb-mobile-header-display":"","site-post-title":"","ast-breadcrumbs-content":"","ast-featured-img":"","footer-sml-layout":"","theme-transparent-header-meta":"","adv-header-id-meta":"","stick-header-meta":"","header-above-stick-meta":"","header-main-stick-meta":"","header-below-stick-meta":""},"product_brand":[],"product_cat":[87],"product_tag":[],"class_list":{"0":"post-5874","1":"product","2":"type-product","3":"status-publish","4":"has-post-thumbnail","6":"product_cat-86-pojos","7":"desktop-align-left","8":"tablet-align-left","9":"mobile-align-left","10":"ast-product-gallery-layout-horizontal-slider","11":"ast-product-gallery-with-no-image","13":"first","14":"instock","15":"shipping-taxable","16":"purchasable","17":"product-type-simple"},"jetpack_sharing_enabled":true,"_links":{"self":[{"href":"https:\/\/cristalcolorfz.com.co\/index.php\/wp-json\/wp\/v2\/product\/5874","targetHints":{"allow":["GET"]}}],"collection":[{"href":"https:\/\/cristalcolorfz.com.co\/index.php\/wp-json\/wp\/v2\/product"}],"about":[{"href":"https:\/\/cristalcolorfz.com.co\/index.php\/wp-json\/wp\/v2\/types\/product"}],"wp:featuredmedia":[{"embeddable":true,"href":"https:\/\/cristalcolorfz.com.co\/index.php\/wp-json\/wp\/v2\/media\/6451"}],"wp:attachment":[{"href":"https:\/\/cristalcolorfz.com.co\/index.php\/wp-json\/wp\/v2\/media?parent=5874"}],"wp:term":[{"taxonomy":"product_brand","embeddable":true,"href":"https:\/\/cristalcolorfz.com.co\/index.php\/wp-json\/wp\/v2\/product_brand?post=5874"},{"taxonomy":"product_cat","embeddable":true,"href":"https:\/\/cristalcolorfz.com.co\/index.php\/wp-json\/wp\/v2\/product_cat?post=5874"},{"taxonomy":"product_tag","embeddable":true,"href":"https:\/\/cristalcolorfz.com.co\/index.php\/wp-json\/wp\/v2\/product_tag?post=5874"}],"curies":[{"name":"wp","href":"https:\/\/api.w.org\/{rel}","templated":true}]}}