{"id":5870,"date":"2026-03-27T17:39:32","date_gmt":"2026-03-27T22:39:32","guid":{"rendered":"https:\/\/cristalcolorfz.com.co\/index.php\/producto\/pestanina-ruby-rose-tropico\/"},"modified":"2026-04-01T11:20:28","modified_gmt":"2026-04-01T16:20:28","slug":"pestanina-ruby-rose-tropico","status":"publish","type":"product","link":"https:\/\/cristalcolorfz.com.co\/index.php\/producto\/pestanina-ruby-rose-tropico\/","title":{"rendered":"Pesta\u00f1ina OG morada"},"content":{"rendered":"<p>La pesta\u00f1ina Tr\u00f3pico de Ruby Rose es una m\u00e1scara de pesta\u00f1as en color negro dise\u00f1ada para realzar la mirada con distintos efectos seg\u00fan la versi\u00f3n que elijas: volumen, curvatura, longitud o combinaci\u00f3n de estos.<\/p>\n<p>\u2728 Caracter\u00edsticas principales:<br \/>\n\u2022 Color:<\/p>\n","protected":false},"excerpt":{"rendered":"<p>La pesta\u00f1ina Tr\u00f3pico de Ruby Rose es una m\u00e1scara de pesta\u00f1as en color negro dise\u00f1ada para realzar la mirada con distintos efectos seg\u00fan la versi\u00f3n que elijas: volumen, curvatura, longitud o combinaci\u00f3n de estos. \u2728 Caracter\u00edsticas principales: \u2022 Color:<\/p>\n","protected":false},"featured_media":6449,"template":"","meta":{"site-sidebar-layout":"default","site-content-layout":"default","ast-global-header-display":"","ast-banner-title-visibility":"","ast-main-header-display":"","ast-hfb-above-header-display":"","ast-hfb-below-header-display":"","ast-hfb-mobile-header-display":"","site-post-title":"","ast-breadcrumbs-content":"","ast-featured-img":"","footer-sml-layout":"","theme-transparent-header-meta":"","adv-header-id-meta":"","stick-header-meta":"","header-above-stick-meta":"","header-main-stick-meta":"","header-below-stick-meta":""},"product_brand":[],"product_cat":[87],"product_tag":[],"class_list":{"0":"post-5870","1":"product","2":"type-product","3":"status-publish","4":"has-post-thumbnail","6":"product_cat-86-pojos","7":"desktop-align-left","8":"tablet-align-left","9":"mobile-align-left","10":"ast-product-gallery-layout-horizontal-slider","11":"ast-product-gallery-with-no-image","13":"first","14":"instock","15":"shipping-taxable","16":"purchasable","17":"product-type-simple"},"jetpack_sharing_enabled":true,"_links":{"self":[{"href":"https:\/\/cristalcolorfz.com.co\/index.php\/wp-json\/wp\/v2\/product\/5870","targetHints":{"allow":["GET"]}}],"collection":[{"href":"https:\/\/cristalcolorfz.com.co\/index.php\/wp-json\/wp\/v2\/product"}],"about":[{"href":"https:\/\/cristalcolorfz.com.co\/index.php\/wp-json\/wp\/v2\/types\/product"}],"wp:featuredmedia":[{"embeddable":true,"href":"https:\/\/cristalcolorfz.com.co\/index.php\/wp-json\/wp\/v2\/media\/6449"}],"wp:attachment":[{"href":"https:\/\/cristalcolorfz.com.co\/index.php\/wp-json\/wp\/v2\/media?parent=5870"}],"wp:term":[{"taxonomy":"product_brand","embeddable":true,"href":"https:\/\/cristalcolorfz.com.co\/index.php\/wp-json\/wp\/v2\/product_brand?post=5870"},{"taxonomy":"product_cat","embeddable":true,"href":"https:\/\/cristalcolorfz.com.co\/index.php\/wp-json\/wp\/v2\/product_cat?post=5870"},{"taxonomy":"product_tag","embeddable":true,"href":"https:\/\/cristalcolorfz.com.co\/index.php\/wp-json\/wp\/v2\/product_tag?post=5870"}],"curies":[{"name":"wp","href":"https:\/\/api.w.org\/{rel}","templated":true}]}}