{"id":5850,"date":"2026-03-27T17:39:00","date_gmt":"2026-03-27T22:39:00","guid":{"rendered":"https:\/\/cristalcolorfz.com.co\/index.php\/producto\/exfoliante-de-labios-febble\/"},"modified":"2026-04-01T11:19:52","modified_gmt":"2026-04-01T16:19:52","slug":"exfoliante-de-labios-febble","status":"publish","type":"product","link":"https:\/\/cristalcolorfz.com.co\/index.php\/producto\/exfoliante-de-labios-febble\/","title":{"rendered":"Exfoliante De Labios Febble"},"content":{"rendered":"<p>1. Lip Mask Scrubs (mascarilla y exfoliante)<br \/>\nLip Mask Scrubs Febble \u2013 Exfoliante y mascarilla en uno para labios, dise\u00f1ado para eliminar c\u00e9lulas muertas y suavizar la piel de los labios mientras mejora su textura e hidrataci\u00f3n con ingredientes nutritivos<\/p>\n","protected":false},"excerpt":{"rendered":"<p>1. Lip Mask Scrubs (mascarilla y exfoliante) Lip Mask Scrubs Febble \u2013 Exfoliante y mascarilla en uno para labios, dise\u00f1ado para eliminar c\u00e9lulas muertas y suavizar la piel de los labios mientras mejora su textura e hidrataci\u00f3n con ingredientes nutritivos<\/p>\n","protected":false},"featured_media":6439,"template":"","meta":{"site-sidebar-layout":"default","site-content-layout":"default","ast-global-header-display":"","ast-banner-title-visibility":"","ast-main-header-display":"","ast-hfb-above-header-display":"","ast-hfb-below-header-display":"","ast-hfb-mobile-header-display":"","site-post-title":"","ast-breadcrumbs-content":"","ast-featured-img":"","footer-sml-layout":"","theme-transparent-header-meta":"","adv-header-id-meta":"","stick-header-meta":"","header-above-stick-meta":"","header-main-stick-meta":"","header-below-stick-meta":""},"product_brand":[],"product_cat":[66],"product_tag":[],"class_list":{"0":"post-5850","1":"product","2":"type-product","3":"status-publish","4":"has-post-thumbnail","6":"product_cat-77-labios","7":"desktop-align-left","8":"tablet-align-left","9":"mobile-align-left","10":"ast-product-gallery-layout-horizontal-slider","11":"ast-product-gallery-with-no-image","13":"first","14":"instock","15":"shipping-taxable","16":"purchasable","17":"product-type-simple"},"jetpack_sharing_enabled":true,"_links":{"self":[{"href":"https:\/\/cristalcolorfz.com.co\/index.php\/wp-json\/wp\/v2\/product\/5850","targetHints":{"allow":["GET"]}}],"collection":[{"href":"https:\/\/cristalcolorfz.com.co\/index.php\/wp-json\/wp\/v2\/product"}],"about":[{"href":"https:\/\/cristalcolorfz.com.co\/index.php\/wp-json\/wp\/v2\/types\/product"}],"wp:featuredmedia":[{"embeddable":true,"href":"https:\/\/cristalcolorfz.com.co\/index.php\/wp-json\/wp\/v2\/media\/6439"}],"wp:attachment":[{"href":"https:\/\/cristalcolorfz.com.co\/index.php\/wp-json\/wp\/v2\/media?parent=5850"}],"wp:term":[{"taxonomy":"product_brand","embeddable":true,"href":"https:\/\/cristalcolorfz.com.co\/index.php\/wp-json\/wp\/v2\/product_brand?post=5850"},{"taxonomy":"product_cat","embeddable":true,"href":"https:\/\/cristalcolorfz.com.co\/index.php\/wp-json\/wp\/v2\/product_cat?post=5850"},{"taxonomy":"product_tag","embeddable":true,"href":"https:\/\/cristalcolorfz.com.co\/index.php\/wp-json\/wp\/v2\/product_tag?post=5850"}],"curies":[{"name":"wp","href":"https:\/\/api.w.org\/{rel}","templated":true}]}}