{"id":5842,"date":"2026-03-27T17:38:51","date_gmt":"2026-03-27T22:38:51","guid":{"rendered":"https:\/\/cristalcolorfz.com.co\/index.php\/producto\/mascarilla-bioaqua-en-velo\/"},"modified":"2026-04-01T11:19:42","modified_gmt":"2026-04-01T16:19:42","slug":"mascarilla-bioaqua-en-velo","status":"publish","type":"product","link":"https:\/\/cristalcolorfz.com.co\/index.php\/producto\/mascarilla-bioaqua-en-velo\/","title":{"rendered":"Rubor Ushas Liquido"},"content":{"rendered":"<p>\u2714 Hidrataci\u00f3n profunda: La esencia de rosa y otros ingredientes como aloe o agua floral nutren intensamente la piel.<br \/>\n\u2714 Calman irritaci\u00f3n y sensibilidad: Muchos extractos florales ayudan a suavizar la piel despu\u00e9s del estr\u00e9s ambiental.<br \/>\n\u2714 Luminosidad natu<\/p>\n","protected":false},"excerpt":{"rendered":"<p>\u2714 Hidrataci\u00f3n profunda: La esencia de rosa y otros ingredientes como aloe o agua floral nutren intensamente la piel. \u2714 Calman irritaci\u00f3n y sensibilidad: Muchos extractos florales ayudan a suavizar la piel despu\u00e9s del estr\u00e9s ambiental. \u2714 Luminosidad natu<\/p>\n","protected":false},"featured_media":6435,"template":"","meta":{"site-sidebar-layout":"default","site-content-layout":"default","ast-global-header-display":"","ast-banner-title-visibility":"","ast-main-header-display":"","ast-hfb-above-header-display":"","ast-hfb-below-header-display":"","ast-hfb-mobile-header-display":"","site-post-title":"","ast-breadcrumbs-content":"","ast-featured-img":"","footer-sml-layout":"","theme-transparent-header-meta":"","adv-header-id-meta":"","stick-header-meta":"","header-above-stick-meta":"","header-main-stick-meta":"","header-below-stick-meta":""},"product_brand":[],"product_cat":[46],"product_tag":[],"class_list":{"0":"post-5842","1":"product","2":"type-product","3":"status-publish","4":"has-post-thumbnail","6":"product_cat-73-cuidado-facial","7":"desktop-align-left","8":"tablet-align-left","9":"mobile-align-left","10":"ast-product-gallery-layout-horizontal-slider","11":"ast-product-gallery-with-no-image","13":"first","14":"instock","15":"shipping-taxable","16":"purchasable","17":"product-type-simple"},"jetpack_sharing_enabled":true,"_links":{"self":[{"href":"https:\/\/cristalcolorfz.com.co\/index.php\/wp-json\/wp\/v2\/product\/5842","targetHints":{"allow":["GET"]}}],"collection":[{"href":"https:\/\/cristalcolorfz.com.co\/index.php\/wp-json\/wp\/v2\/product"}],"about":[{"href":"https:\/\/cristalcolorfz.com.co\/index.php\/wp-json\/wp\/v2\/types\/product"}],"wp:featuredmedia":[{"embeddable":true,"href":"https:\/\/cristalcolorfz.com.co\/index.php\/wp-json\/wp\/v2\/media\/6435"}],"wp:attachment":[{"href":"https:\/\/cristalcolorfz.com.co\/index.php\/wp-json\/wp\/v2\/media?parent=5842"}],"wp:term":[{"taxonomy":"product_brand","embeddable":true,"href":"https:\/\/cristalcolorfz.com.co\/index.php\/wp-json\/wp\/v2\/product_brand?post=5842"},{"taxonomy":"product_cat","embeddable":true,"href":"https:\/\/cristalcolorfz.com.co\/index.php\/wp-json\/wp\/v2\/product_cat?post=5842"},{"taxonomy":"product_tag","embeddable":true,"href":"https:\/\/cristalcolorfz.com.co\/index.php\/wp-json\/wp\/v2\/product_tag?post=5842"}],"curies":[{"name":"wp","href":"https:\/\/api.w.org\/{rel}","templated":true}]}}