{"id":5836,"date":"2026-03-27T17:38:44","date_gmt":"2026-03-27T22:38:44","guid":{"rendered":"https:\/\/cristalcolorfz.com.co\/index.php\/producto\/maleta-neceser-organizador-pequeno\/"},"modified":"2026-04-01T11:19:34","modified_gmt":"2026-04-01T16:19:34","slug":"maleta-neceser-organizador-pequeno","status":"publish","type":"product","link":"https:\/\/cristalcolorfz.com.co\/index.php\/producto\/maleta-neceser-organizador-pequeno\/","title":{"rendered":"Contorno En Barra \/ Crema Dolce Bella"},"content":{"rendered":"<p>\ud83e\udde0 \u00bfPor qu\u00e9 usar una maleta organizadora peque\u00f1a?<\/p>\n<p>Mantiene todo en orden: Compartimentos y bolsillos facilitan encontrar tus cosas r\u00e1pido sin desorden.<\/p>\n<p>Perfecta para viajes: Puedes usarla como un mini equipaje de mano para llevar cosm\u00e9ticos, accesori<\/p>\n","protected":false},"excerpt":{"rendered":"<p>\ud83e\udde0 \u00bfPor qu\u00e9 usar una maleta organizadora peque\u00f1a? Mantiene todo en orden: Compartimentos y bolsillos facilitan encontrar tus cosas r\u00e1pido sin desorden. Perfecta para viajes: Puedes usarla como un mini equipaje de mano para llevar cosm\u00e9ticos, accesori<\/p>\n","protected":false},"featured_media":6432,"template":"","meta":{"site-sidebar-layout":"default","site-content-layout":"default","ast-global-header-display":"","ast-banner-title-visibility":"","ast-main-header-display":"","ast-hfb-above-header-display":"","ast-hfb-below-header-display":"","ast-hfb-mobile-header-display":"","site-post-title":"","ast-breadcrumbs-content":"","ast-featured-img":"","footer-sml-layout":"","theme-transparent-header-meta":"","adv-header-id-meta":"","stick-header-meta":"","header-above-stick-meta":"","header-main-stick-meta":"","header-below-stick-meta":""},"product_brand":[],"product_cat":[28],"product_tag":[],"class_list":{"0":"post-5836","1":"product","2":"type-product","3":"status-publish","4":"has-post-thumbnail","6":"product_cat-79-accesorios","7":"desktop-align-left","8":"tablet-align-left","9":"mobile-align-left","10":"ast-product-gallery-layout-horizontal-slider","11":"ast-product-gallery-with-no-image","13":"first","14":"instock","15":"shipping-taxable","16":"purchasable","17":"product-type-simple"},"jetpack_sharing_enabled":true,"_links":{"self":[{"href":"https:\/\/cristalcolorfz.com.co\/index.php\/wp-json\/wp\/v2\/product\/5836","targetHints":{"allow":["GET"]}}],"collection":[{"href":"https:\/\/cristalcolorfz.com.co\/index.php\/wp-json\/wp\/v2\/product"}],"about":[{"href":"https:\/\/cristalcolorfz.com.co\/index.php\/wp-json\/wp\/v2\/types\/product"}],"wp:featuredmedia":[{"embeddable":true,"href":"https:\/\/cristalcolorfz.com.co\/index.php\/wp-json\/wp\/v2\/media\/6432"}],"wp:attachment":[{"href":"https:\/\/cristalcolorfz.com.co\/index.php\/wp-json\/wp\/v2\/media?parent=5836"}],"wp:term":[{"taxonomy":"product_brand","embeddable":true,"href":"https:\/\/cristalcolorfz.com.co\/index.php\/wp-json\/wp\/v2\/product_brand?post=5836"},{"taxonomy":"product_cat","embeddable":true,"href":"https:\/\/cristalcolorfz.com.co\/index.php\/wp-json\/wp\/v2\/product_cat?post=5836"},{"taxonomy":"product_tag","embeddable":true,"href":"https:\/\/cristalcolorfz.com.co\/index.php\/wp-json\/wp\/v2\/product_tag?post=5836"}],"curies":[{"name":"wp","href":"https:\/\/api.w.org\/{rel}","templated":true}]}}