{"id":5824,"date":"2026-03-27T17:38:27","date_gmt":"2026-03-27T22:38:27","guid":{"rendered":"https:\/\/cristalcolorfz.com.co\/index.php\/producto\/lapiz-myk-luminoso\/"},"modified":"2026-04-01T11:19:20","modified_gmt":"2026-04-01T16:19:20","slug":"lapiz-myk-luminoso","status":"publish","type":"product","link":"https:\/\/cristalcolorfz.com.co\/index.php\/producto\/lapiz-myk-luminoso\/","title":{"rendered":"Corrector De Ojeras Cover Dreamy Ame"},"content":{"rendered":"<p>\u2714 Debajo de las cejas: aplica una l\u00ednea finita justo bajo el arco para que el ojo se vea m\u00e1s levantado y definido.<br \/>\n\u2714 Interior del ojo: usar un l\u00e1piz claro en la l\u00ednea de agua o en la esquina interna crea una mirada m\u00e1s abierta y despierta.<br \/>\n\u2714 P\u00e1rpados: p<\/p>\n","protected":false},"excerpt":{"rendered":"<p>\u2714 Debajo de las cejas: aplica una l\u00ednea finita justo bajo el arco para que el ojo se vea m\u00e1s levantado y definido. \u2714 Interior del ojo: usar un l\u00e1piz claro en la l\u00ednea de agua o en la esquina interna crea una mirada m\u00e1s abierta y despierta. \u2714 P\u00e1rpados: p<\/p>\n","protected":false},"featured_media":6426,"template":"","meta":{"site-sidebar-layout":"default","site-content-layout":"default","ast-global-header-display":"","ast-banner-title-visibility":"","ast-main-header-display":"","ast-hfb-above-header-display":"","ast-hfb-below-header-display":"","ast-hfb-mobile-header-display":"","site-post-title":"","ast-breadcrumbs-content":"","ast-featured-img":"","footer-sml-layout":"","theme-transparent-header-meta":"","adv-header-id-meta":"","stick-header-meta":"","header-above-stick-meta":"","header-main-stick-meta":"","header-below-stick-meta":""},"product_brand":[],"product_cat":[87],"product_tag":[],"class_list":{"0":"post-5824","1":"product","2":"type-product","3":"status-publish","4":"has-post-thumbnail","6":"product_cat-86-pojos","7":"desktop-align-left","8":"tablet-align-left","9":"mobile-align-left","10":"ast-product-gallery-layout-horizontal-slider","11":"ast-product-gallery-with-no-image","13":"first","14":"instock","15":"shipping-taxable","16":"purchasable","17":"product-type-simple"},"jetpack_sharing_enabled":true,"_links":{"self":[{"href":"https:\/\/cristalcolorfz.com.co\/index.php\/wp-json\/wp\/v2\/product\/5824","targetHints":{"allow":["GET"]}}],"collection":[{"href":"https:\/\/cristalcolorfz.com.co\/index.php\/wp-json\/wp\/v2\/product"}],"about":[{"href":"https:\/\/cristalcolorfz.com.co\/index.php\/wp-json\/wp\/v2\/types\/product"}],"wp:featuredmedia":[{"embeddable":true,"href":"https:\/\/cristalcolorfz.com.co\/index.php\/wp-json\/wp\/v2\/media\/6426"}],"wp:attachment":[{"href":"https:\/\/cristalcolorfz.com.co\/index.php\/wp-json\/wp\/v2\/media?parent=5824"}],"wp:term":[{"taxonomy":"product_brand","embeddable":true,"href":"https:\/\/cristalcolorfz.com.co\/index.php\/wp-json\/wp\/v2\/product_brand?post=5824"},{"taxonomy":"product_cat","embeddable":true,"href":"https:\/\/cristalcolorfz.com.co\/index.php\/wp-json\/wp\/v2\/product_cat?post=5824"},{"taxonomy":"product_tag","embeddable":true,"href":"https:\/\/cristalcolorfz.com.co\/index.php\/wp-json\/wp\/v2\/product_tag?post=5824"}],"curies":[{"name":"wp","href":"https:\/\/api.w.org\/{rel}","templated":true}]}}