{"id":5810,"date":"2026-03-27T17:38:11","date_gmt":"2026-03-27T22:38:11","guid":{"rendered":"https:\/\/cristalcolorfz.com.co\/index.php\/producto\/kit-de-pestanas-pfiffery-x5-pcs\/"},"modified":"2026-04-01T11:19:04","modified_gmt":"2026-04-01T16:19:04","slug":"kit-de-pestanas-pfiffery-x5-pcs","status":"publish","type":"product","link":"https:\/\/cristalcolorfz.com.co\/index.php\/producto\/kit-de-pestanas-pfiffery-x5-pcs\/","title":{"rendered":"Kit De Pesta\u00f1as Pfiffery X5 pcs"},"content":{"rendered":"<p>Incluye 5 pares de pesta\u00f1as reutilizables<\/p>\n<p>Diferentes estilos (naturales, voluminosas o dram\u00e1ticas)<\/p>\n<p>Ligeras y c\u00f3modas de usar<\/p>\n<p>F\u00e1ciles de aplicar y retirar<\/p>\n<p>Se pueden reutilizar con el cuidado adecuado<\/p>\n<p>\ud83d\udca1 Tip: Aplica con pegante especial para p<\/p>\n","protected":false},"excerpt":{"rendered":"<p>Incluye 5 pares de pesta\u00f1as reutilizables Diferentes estilos (naturales, voluminosas o dram\u00e1ticas) Ligeras y c\u00f3modas de usar F\u00e1ciles de aplicar y retirar Se pueden reutilizar con el cuidado adecuado \ud83d\udca1 Tip: Aplica con pegante especial para p<\/p>\n","protected":false},"featured_media":6418,"template":"","meta":{"site-sidebar-layout":"default","site-content-layout":"default","ast-global-header-display":"","ast-banner-title-visibility":"","ast-main-header-display":"","ast-hfb-above-header-display":"","ast-hfb-below-header-display":"","ast-hfb-mobile-header-display":"","site-post-title":"","ast-breadcrumbs-content":"","ast-featured-img":"","footer-sml-layout":"","theme-transparent-header-meta":"","adv-header-id-meta":"","stick-header-meta":"","header-above-stick-meta":"","header-main-stick-meta":"","header-below-stick-meta":""},"product_brand":[],"product_cat":[87],"product_tag":[],"class_list":{"0":"post-5810","1":"product","2":"type-product","3":"status-publish","4":"has-post-thumbnail","6":"product_cat-86-pojos","7":"desktop-align-left","8":"tablet-align-left","9":"mobile-align-left","10":"ast-product-gallery-layout-horizontal-slider","11":"ast-product-gallery-with-no-image","13":"first","14":"instock","15":"shipping-taxable","16":"purchasable","17":"product-type-simple"},"jetpack_sharing_enabled":true,"_links":{"self":[{"href":"https:\/\/cristalcolorfz.com.co\/index.php\/wp-json\/wp\/v2\/product\/5810","targetHints":{"allow":["GET"]}}],"collection":[{"href":"https:\/\/cristalcolorfz.com.co\/index.php\/wp-json\/wp\/v2\/product"}],"about":[{"href":"https:\/\/cristalcolorfz.com.co\/index.php\/wp-json\/wp\/v2\/types\/product"}],"wp:featuredmedia":[{"embeddable":true,"href":"https:\/\/cristalcolorfz.com.co\/index.php\/wp-json\/wp\/v2\/media\/6418"}],"wp:attachment":[{"href":"https:\/\/cristalcolorfz.com.co\/index.php\/wp-json\/wp\/v2\/media?parent=5810"}],"wp:term":[{"taxonomy":"product_brand","embeddable":true,"href":"https:\/\/cristalcolorfz.com.co\/index.php\/wp-json\/wp\/v2\/product_brand?post=5810"},{"taxonomy":"product_cat","embeddable":true,"href":"https:\/\/cristalcolorfz.com.co\/index.php\/wp-json\/wp\/v2\/product_cat?post=5810"},{"taxonomy":"product_tag","embeddable":true,"href":"https:\/\/cristalcolorfz.com.co\/index.php\/wp-json\/wp\/v2\/product_tag?post=5810"}],"curies":[{"name":"wp","href":"https:\/\/api.w.org\/{rel}","templated":true}]}}