{"id":5774,"date":"2026-03-27T17:37:38","date_gmt":"2026-03-27T22:37:38","guid":{"rendered":"https:\/\/cristalcolorfz.com.co\/index.php\/producto\/jabon-facial-bioaqua-rosas\/"},"modified":"2026-03-27T17:37:38","modified_gmt":"2026-03-27T22:37:38","slug":"jabon-facial-bioaqua-rosas","status":"publish","type":"product","link":"https:\/\/cristalcolorfz.com.co\/index.php\/producto\/jabon-facial-bioaqua-rosas\/","title":{"rendered":"Jabon Facial Bioaqua Rosas"},"content":{"rendered":"<p>\u2022 \ud83c\udf38 Limpieza suave y eficaz que elimina impurezas, grasa y residuos sin resecar la piel.<br \/>\n\u2022 \ud83d\udca7 Hidrataci\u00f3n e hidrataci\u00f3n duradera gracias al \u00e1cido hialur\u00f3nico y la glicerina.<br \/>\n\u2022 \ud83c\udf3f Propiedades calmantes de las rosas, que ayudan a suavizar la piel y aportar <\/p>\n","protected":false},"excerpt":{"rendered":"<p>\u2022 \ud83c\udf38 Limpieza suave y eficaz que elimina impurezas, grasa y residuos sin resecar la piel. \u2022 \ud83d\udca7 Hidrataci\u00f3n e hidrataci\u00f3n duradera gracias al \u00e1cido hialur\u00f3nico y la glicerina. \u2022 \ud83c\udf3f Propiedades calmantes de las rosas, que ayudan a suavizar la piel y aportar<\/p>\n","protected":false},"featured_media":5773,"template":"","meta":{"site-sidebar-layout":"default","site-content-layout":"default","ast-global-header-display":"","ast-banner-title-visibility":"","ast-main-header-display":"","ast-hfb-above-header-display":"","ast-hfb-below-header-display":"","ast-hfb-mobile-header-display":"","site-post-title":"","ast-breadcrumbs-content":"","ast-featured-img":"","footer-sml-layout":"","theme-transparent-header-meta":"","adv-header-id-meta":"","stick-header-meta":"","header-above-stick-meta":"","header-main-stick-meta":"","header-below-stick-meta":""},"product_brand":[],"product_cat":[46],"product_tag":[],"class_list":{"0":"post-5774","1":"product","2":"type-product","3":"status-publish","4":"has-post-thumbnail","6":"product_cat-73-cuidado-facial","7":"desktop-align-left","8":"tablet-align-left","9":"mobile-align-left","10":"ast-product-gallery-layout-horizontal-slider","11":"ast-product-gallery-with-no-image","13":"first","14":"instock","15":"shipping-taxable","16":"purchasable","17":"product-type-simple"},"jetpack_sharing_enabled":true,"_links":{"self":[{"href":"https:\/\/cristalcolorfz.com.co\/index.php\/wp-json\/wp\/v2\/product\/5774","targetHints":{"allow":["GET"]}}],"collection":[{"href":"https:\/\/cristalcolorfz.com.co\/index.php\/wp-json\/wp\/v2\/product"}],"about":[{"href":"https:\/\/cristalcolorfz.com.co\/index.php\/wp-json\/wp\/v2\/types\/product"}],"wp:featuredmedia":[{"embeddable":true,"href":"https:\/\/cristalcolorfz.com.co\/index.php\/wp-json\/wp\/v2\/media\/5773"}],"wp:attachment":[{"href":"https:\/\/cristalcolorfz.com.co\/index.php\/wp-json\/wp\/v2\/media?parent=5774"}],"wp:term":[{"taxonomy":"product_brand","embeddable":true,"href":"https:\/\/cristalcolorfz.com.co\/index.php\/wp-json\/wp\/v2\/product_brand?post=5774"},{"taxonomy":"product_cat","embeddable":true,"href":"https:\/\/cristalcolorfz.com.co\/index.php\/wp-json\/wp\/v2\/product_cat?post=5774"},{"taxonomy":"product_tag","embeddable":true,"href":"https:\/\/cristalcolorfz.com.co\/index.php\/wp-json\/wp\/v2\/product_tag?post=5774"}],"curies":[{"name":"wp","href":"https:\/\/api.w.org\/{rel}","templated":true}]}}