{"id":5740,"date":"2026-03-27T17:36:51","date_gmt":"2026-03-27T22:36:51","guid":{"rendered":"https:\/\/cristalcolorfz.com.co\/index.php\/producto\/exfoliante-dolce-bella-corporal\/"},"modified":"2026-03-27T17:36:51","modified_gmt":"2026-03-27T22:36:51","slug":"exfoliante-dolce-bella-corporal","status":"publish","type":"product","link":"https:\/\/cristalcolorfz.com.co\/index.php\/producto\/exfoliante-dolce-bella-corporal\/","title":{"rendered":"Exfoliante Dolce Bella Corporal"},"content":{"rendered":"<p>\u2714\ufe0f Elimina c\u00e9lulas muertas: Los exfoliantes con sal act\u00faan como micro-agentes que ayudan a eliminar la capa superficial de piel muerta, dej\u00e1ndola m\u00e1s suave y luminosa.<br \/>\n\u2714\ufe0f Mejora la textura de la piel: Masajear el exfoliante sobre la piel ayuda a que la p<\/p>\n","protected":false},"excerpt":{"rendered":"<p>\u2714\ufe0f Elimina c\u00e9lulas muertas: Los exfoliantes con sal act\u00faan como micro-agentes que ayudan a eliminar la capa superficial de piel muerta, dej\u00e1ndola m\u00e1s suave y luminosa. \u2714\ufe0f Mejora la textura de la piel: Masajear el exfoliante sobre la piel ayuda a que la p<\/p>\n","protected":false},"featured_media":5739,"template":"","meta":{"site-sidebar-layout":"default","site-content-layout":"default","ast-global-header-display":"","ast-banner-title-visibility":"","ast-main-header-display":"","ast-hfb-above-header-display":"","ast-hfb-below-header-display":"","ast-hfb-mobile-header-display":"","site-post-title":"","ast-breadcrumbs-content":"","ast-featured-img":"","footer-sml-layout":"","theme-transparent-header-meta":"","adv-header-id-meta":"","stick-header-meta":"","header-above-stick-meta":"","header-main-stick-meta":"","header-below-stick-meta":""},"product_brand":[],"product_cat":[45],"product_tag":[],"class_list":{"0":"post-5740","1":"product","2":"type-product","3":"status-publish","4":"has-post-thumbnail","6":"product_cat-81-cuidado-corporal","7":"desktop-align-left","8":"tablet-align-left","9":"mobile-align-left","10":"ast-product-gallery-layout-horizontal-slider","11":"ast-product-gallery-with-no-image","13":"first","14":"instock","15":"shipping-taxable","16":"purchasable","17":"product-type-simple"},"jetpack_sharing_enabled":true,"_links":{"self":[{"href":"https:\/\/cristalcolorfz.com.co\/index.php\/wp-json\/wp\/v2\/product\/5740","targetHints":{"allow":["GET"]}}],"collection":[{"href":"https:\/\/cristalcolorfz.com.co\/index.php\/wp-json\/wp\/v2\/product"}],"about":[{"href":"https:\/\/cristalcolorfz.com.co\/index.php\/wp-json\/wp\/v2\/types\/product"}],"wp:featuredmedia":[{"embeddable":true,"href":"https:\/\/cristalcolorfz.com.co\/index.php\/wp-json\/wp\/v2\/media\/5739"}],"wp:attachment":[{"href":"https:\/\/cristalcolorfz.com.co\/index.php\/wp-json\/wp\/v2\/media?parent=5740"}],"wp:term":[{"taxonomy":"product_brand","embeddable":true,"href":"https:\/\/cristalcolorfz.com.co\/index.php\/wp-json\/wp\/v2\/product_brand?post=5740"},{"taxonomy":"product_cat","embeddable":true,"href":"https:\/\/cristalcolorfz.com.co\/index.php\/wp-json\/wp\/v2\/product_cat?post=5740"},{"taxonomy":"product_tag","embeddable":true,"href":"https:\/\/cristalcolorfz.com.co\/index.php\/wp-json\/wp\/v2\/product_tag?post=5740"}],"curies":[{"name":"wp","href":"https:\/\/api.w.org\/{rel}","templated":true}]}}