{"id":3392,"date":"2024-05-28T15:50:18","date_gmt":"2024-05-28T20:50:18","guid":{"rendered":"https:\/\/cristalcolorfz.com.co\/?page_id=3392"},"modified":"2024-05-28T15:52:06","modified_gmt":"2024-05-28T20:52:06","slug":"politicas","status":"publish","type":"page","link":"https:\/\/cristalcolorfz.com.co\/index.php\/politicas\/","title":{"rendered":"Politicas"},"content":{"rendered":"\t\t<div data-elementor-type=\"wp-page\" data-elementor-id=\"3392\" class=\"elementor elementor-3392\" data-elementor-post-type=\"page\">\n\t\t\t\t\t\t<section class=\"elementor-section elementor-top-section elementor-element elementor-element-7ab8961 elementor-section-boxed elementor-section-height-default elementor-section-height-default\" data-id=\"7ab8961\" data-element_type=\"section\" data-settings=\"{&quot;wdt_bg_image&quot;:{&quot;url&quot;:&quot;&quot;,&quot;id&quot;:&quot;&quot;,&quot;size&quot;:&quot;&quot;},&quot;wdt_bg_image_tablet&quot;:{&quot;url&quot;:&quot;&quot;,&quot;id&quot;:&quot;&quot;,&quot;size&quot;:&quot;&quot;},&quot;wdt_bg_image_mobile&quot;:{&quot;url&quot;:&quot;&quot;,&quot;id&quot;:&quot;&quot;,&quot;size&quot;:&quot;&quot;},&quot;wdt_bg_position&quot;:&quot;center center&quot;,&quot;wdt_animation_effect&quot;:&quot;none&quot;}\">\n\t\t\t\t\t\t<div class=\"elementor-container elementor-column-gap-default\">\n\t\t\t\t\t<div class=\"elementor-column elementor-col-100 elementor-top-column elementor-element elementor-element-32e2db8\" data-id=\"32e2db8\" data-element_type=\"column\">\n\t\t\t<div class=\"elementor-widget-wrap elementor-element-populated\">\n\t\t\t\t\t\t<div class=\"elementor-element elementor-element-84bd050 elementor-widget elementor-widget-heading\" data-id=\"84bd050\" data-element_type=\"widget\" data-settings=\"{&quot;wdt_animation_effect&quot;:&quot;none&quot;}\" data-widget_type=\"heading.default\">\n\t\t\t\t<div class=\"elementor-widget-container\">\n\t\t\t\t\t<h2 class=\"elementor-heading-title elementor-size-default\">POLITCAS <\/h2>\t\t\t\t<\/div>\n\t\t\t\t<\/div>\n\t\t\t\t<div class=\"elementor-element elementor-element-5707f8d elementor-widget elementor-widget-text-editor\" data-id=\"5707f8d\" data-element_type=\"widget\" data-settings=\"{&quot;wdt_animation_effect&quot;:&quot;none&quot;}\" data-widget_type=\"text-editor.default\">\n\t\t\t\t<div class=\"elementor-widget-container\">\n\t\t\t\t\t\t\t\t\t<p>Pol\u00edtica de Env\u00edos<\/p><p>&#8211; Tiempo de Procesamiento: Todos los pedidos se procesan en un plazo de 1-2 d\u00edas h\u00e1biles despu\u00e9s de recibir la confirmaci\u00f3n del pago.<br \/>&#8211; M\u00e9todos de Env\u00edo: Ofrecemos varias opciones de env\u00edo ( Envio contra entrega y pago previo). Los tiempos de entrega var\u00edan seg\u00fan el m\u00e9todo seleccionado, transportadora y la ubicaci\u00f3n del cliente.<br \/>&#8211; Costos de Env\u00edo: Los costos de env\u00edo se calculan en funci\u00f3n del peso del pedido y la direcci\u00f3n de entrega. Estos costos se mostrar\u00e1n al momento de realizar la compra. recuerda que en algunos casos tenemos envio sin costo, si tienes una duda comun\u00edcate con nuestros asesores. <br \/>&#8211;<br \/>Pol\u00edtica de Devoluciones y Cambios<br \/>&#8211; Devoluciones: No Aceptamos devoluciones. si es un caso especial, comun\u00edcate con nuestros asesores en nuestras l\u00edneas de atenci\u00f3n al cliente.<br \/>&#8211; Cambios: Si deseas cambiar un producto, puedes hacerlo dentro de los 3 d\u00edas posteriores a la recepci\u00f3n. El producto debe estar en su estado original y sin usar. (no aplica para maquillaje y cuidado facial)<\/p><p>Pol\u00edtica de Privacidad<\/p><p>&#8211; Protecci\u00f3n de Datos: Nos comprometemos a proteger la privacidad de nuestros clientes. Toda la informaci\u00f3n personal recopilada se utiliza exclusivamente para procesar pedidos y mejorar la experiencia de compra.<br \/>&#8211; Uso de Informaci\u00f3n: No compartimos, vendemos ni alquilamos la informaci\u00f3n personal de nuestros clientes a terceros sin su consentimiento.<br \/>&#8211; Seguridad: Utilizamos medidas de seguridad adecuadas para proteger la informaci\u00f3n personal de accesos no autorizados, alteraciones o divulgaciones.<\/p><p>T\u00e9rminos y Condiciones<br \/>&#8211; Uso del Sitio Web: Al utilizar nuestro sitio web, aceptas cumplir con nuestros t\u00e9rminos y condiciones. Nos reservamos el derecho de modificar estos t\u00e9rminos en cualquier momento.<br \/>&#8211; Propiedad Intelectual: Todos los contenidos del sitio web, incluyendo textos, im\u00e1genes y dise\u00f1os, son propiedad de Cristal Color y est\u00e1n protegidos por las leyes de propiedad intelectual.<br \/>&#8211; Responsabilidad: No nos hacemos responsables de ning\u00fan da\u00f1o directo, indirecto, incidental o consecuente que resulte del uso de nuestro sitio web o de la compra de nuestros productos.<br \/>&#8211; <br \/>Atenci\u00f3n al Cliente<br \/>&#8211; Horario de Atenci\u00f3n: Nuestro equipo de atenci\u00f3n al cliente est\u00e1 disponible de lunes a viernes, de 9:30 a.m. a 5:30 p.m.<br \/>&#8211; Contacto: Puedes contactarnos a trav\u00e9s correo electr\u00f3nico a eliana10msj@gmail.com, o por tel\u00e9fono al 323 322 1912 \/ 310 481 0853<\/p>\t\t\t\t\t\t\t\t<\/div>\n\t\t\t\t<\/div>\n\t\t\t\t\t<\/div>\n\t\t<\/div>\n\t\t\t\t\t<\/div>\n\t\t<\/section>\n\t\t\t\t<\/div>\n\t\t","protected":false},"excerpt":{"rendered":"<p>POLITCAS Pol\u00edtica de Env\u00edos &#8211; Tiempo de Procesamiento: Todos los pedidos se procesan en un plazo de 1-2 d\u00edas h\u00e1biles despu\u00e9s de recibir la confirmaci\u00f3n del pago.&#8211; M\u00e9todos de Env\u00edo: Ofrecemos varias opciones de env\u00edo ( Envio contra entrega y pago previo). Los tiempos de entrega var\u00edan seg\u00fan el m\u00e9todo seleccionado, transportadora y la ubicaci\u00f3n &hellip;<\/p>\n<p class=\"read-more\"> <a class=\"\" href=\"https:\/\/cristalcolorfz.com.co\/index.php\/politicas\/\"> <span class=\"screen-reader-text\">Politicas<\/span> Read More \u00bb<\/a><\/p>\n","protected":false},"author":1,"featured_media":0,"parent":0,"menu_order":0,"comment_status":"closed","ping_status":"closed","template":"","meta":{"site-sidebar-layout":"no-sidebar","site-content-layout":"page-builder","ast-global-header-display":"","ast-banner-title-visibility":"","ast-main-header-display":"","ast-hfb-above-header-display":"","ast-hfb-below-header-display":"","ast-hfb-mobile-header-display":"","site-post-title":"disabled","ast-breadcrumbs-content":"","ast-featured-img":"disabled","footer-sml-layout":"","theme-transparent-header-meta":"","adv-header-id-meta":"","stick-header-meta":"","header-above-stick-meta":"","header-main-stick-meta":"","header-below-stick-meta":"","footnotes":""},"class_list":["post-3392","page","type-page","status-publish","hentry"],"jetpack_sharing_enabled":true,"_links":{"self":[{"href":"https:\/\/cristalcolorfz.com.co\/index.php\/wp-json\/wp\/v2\/pages\/3392","targetHints":{"allow":["GET"]}}],"collection":[{"href":"https:\/\/cristalcolorfz.com.co\/index.php\/wp-json\/wp\/v2\/pages"}],"about":[{"href":"https:\/\/cristalcolorfz.com.co\/index.php\/wp-json\/wp\/v2\/types\/page"}],"author":[{"embeddable":true,"href":"https:\/\/cristalcolorfz.com.co\/index.php\/wp-json\/wp\/v2\/users\/1"}],"replies":[{"embeddable":true,"href":"https:\/\/cristalcolorfz.com.co\/index.php\/wp-json\/wp\/v2\/comments?post=3392"}],"version-history":[{"count":5,"href":"https:\/\/cristalcolorfz.com.co\/index.php\/wp-json\/wp\/v2\/pages\/3392\/revisions"}],"predecessor-version":[{"id":3397,"href":"https:\/\/cristalcolorfz.com.co\/index.php\/wp-json\/wp\/v2\/pages\/3392\/revisions\/3397"}],"wp:attachment":[{"href":"https:\/\/cristalcolorfz.com.co\/index.php\/wp-json\/wp\/v2\/media?parent=3392"}],"curies":[{"name":"wp","href":"https:\/\/api.w.org\/{rel}","templated":true}]}}