{"id":3383,"date":"2024-05-28T15:44:04","date_gmt":"2024-05-28T20:44:04","guid":{"rendered":"https:\/\/cristalcolorfz.com.co\/?page_id=3383"},"modified":"2024-05-28T15:46:12","modified_gmt":"2024-05-28T20:46:12","slug":"valores","status":"publish","type":"page","link":"https:\/\/cristalcolorfz.com.co\/index.php\/valores\/","title":{"rendered":"Valores"},"content":{"rendered":"\t\t<div data-elementor-type=\"wp-page\" data-elementor-id=\"3383\" class=\"elementor elementor-3383\" data-elementor-post-type=\"page\">\n\t\t\t\t\t\t<section class=\"elementor-section elementor-top-section elementor-element elementor-element-1a6463f elementor-section-boxed elementor-section-height-default elementor-section-height-default\" data-id=\"1a6463f\" data-element_type=\"section\" data-settings=\"{&quot;wdt_bg_image&quot;:{&quot;url&quot;:&quot;&quot;,&quot;id&quot;:&quot;&quot;,&quot;size&quot;:&quot;&quot;},&quot;wdt_bg_image_tablet&quot;:{&quot;url&quot;:&quot;&quot;,&quot;id&quot;:&quot;&quot;,&quot;size&quot;:&quot;&quot;},&quot;wdt_bg_image_mobile&quot;:{&quot;url&quot;:&quot;&quot;,&quot;id&quot;:&quot;&quot;,&quot;size&quot;:&quot;&quot;},&quot;wdt_bg_position&quot;:&quot;center center&quot;,&quot;wdt_animation_effect&quot;:&quot;none&quot;}\">\n\t\t\t\t\t\t<div class=\"elementor-container elementor-column-gap-default\">\n\t\t\t\t\t<div class=\"elementor-column elementor-col-100 elementor-top-column elementor-element elementor-element-983cc95\" data-id=\"983cc95\" data-element_type=\"column\">\n\t\t\t<div class=\"elementor-widget-wrap elementor-element-populated\">\n\t\t\t\t\t\t<div class=\"elementor-element elementor-element-785fc91 elementor-widget elementor-widget-heading\" data-id=\"785fc91\" data-element_type=\"widget\" data-settings=\"{&quot;wdt_animation_effect&quot;:&quot;none&quot;}\" data-widget_type=\"heading.default\">\n\t\t\t\t<div class=\"elementor-widget-container\">\n\t\t\t\t\t<h2 class=\"elementor-heading-title elementor-size-default\">Nuestros Valores<\/h2>\t\t\t\t<\/div>\n\t\t\t\t<\/div>\n\t\t\t\t<div class=\"elementor-element elementor-element-ede8625 elementor-widget elementor-widget-text-editor\" data-id=\"ede8625\" data-element_type=\"widget\" data-settings=\"{&quot;wdt_animation_effect&quot;:&quot;none&quot;}\" data-widget_type=\"text-editor.default\">\n\t\t\t\t<div class=\"elementor-widget-container\">\n\t\t\t\t\t\t\t\t\t<p>&#8211; Calidad: Nos comprometemos a ofrecer productos de la m\u00e1s alta calidad, asegur\u00e1ndonos de que cada compra cumpla con las expectativas de nuestras clientas.<br \/>&#8211; Confianza: Queremos que nuestras clientas se sientan seguras y tranquilas con cada compra, sabiendo que est\u00e1n recibiendo productos excelentes a precios justos.<br \/>&#8211; Pasi\u00f3n: Nuestra pasi\u00f3n por el maquillaje y el cuidado personal nos impulsa a ofrecer solo lo mejor, reflejando nuestro amor por lo que hacemos.<br \/>&#8211; Innovaci\u00f3n: Siempre estamos en la b\u00fasqueda de nuevos productos y tendencias para ampliar nuestro portafolio y satisfacer las necesidades de nuestras clientas.<br \/>&#8211; Atenci\u00f3n al cliente: Brindamos un servicio al cliente excepcional, con un enfoque en la satisfacci\u00f3n y el bienestar de nuestras clientas.<br \/>&#8211; Honestidad: Creemos en la transparencia y la honestidad en todas nuestras interacciones, tanto con nuestros clientes como con nuestros proveedores.<br \/>&#8211; Familia: Como empresa familiar, valoramos las relaciones cercanas y el apoyo mutuo, extendiendo estos principios a nuestras clientas y comunidad.<br \/>&#8211; Responsabilidad: Nos esforzamos por ser responsables con nuestra comunidad, buscando siempre formas de mejorar.<\/p>\t\t\t\t\t\t\t\t<\/div>\n\t\t\t\t<\/div>\n\t\t\t\t\t<\/div>\n\t\t<\/div>\n\t\t\t\t\t<\/div>\n\t\t<\/section>\n\t\t\t\t<\/div>\n\t\t","protected":false},"excerpt":{"rendered":"<p>Nuestros Valores &#8211; Calidad: Nos comprometemos a ofrecer productos de la m\u00e1s alta calidad, asegur\u00e1ndonos de que cada compra cumpla con las expectativas de nuestras clientas.&#8211; Confianza: Queremos que nuestras clientas se sientan seguras y tranquilas con cada compra, sabiendo que est\u00e1n recibiendo productos excelentes a precios justos.&#8211; Pasi\u00f3n: Nuestra pasi\u00f3n por el maquillaje y &hellip;<\/p>\n<p class=\"read-more\"> <a class=\"\" href=\"https:\/\/cristalcolorfz.com.co\/index.php\/valores\/\"> <span class=\"screen-reader-text\">Valores<\/span> Read More \u00bb<\/a><\/p>\n","protected":false},"author":1,"featured_media":0,"parent":0,"menu_order":0,"comment_status":"closed","ping_status":"closed","template":"","meta":{"site-sidebar-layout":"no-sidebar","site-content-layout":"page-builder","ast-global-header-display":"","ast-banner-title-visibility":"","ast-main-header-display":"","ast-hfb-above-header-display":"","ast-hfb-below-header-display":"","ast-hfb-mobile-header-display":"","site-post-title":"disabled","ast-breadcrumbs-content":"","ast-featured-img":"disabled","footer-sml-layout":"","theme-transparent-header-meta":"","adv-header-id-meta":"","stick-header-meta":"","header-above-stick-meta":"","header-main-stick-meta":"","header-below-stick-meta":"","footnotes":""},"class_list":["post-3383","page","type-page","status-publish","hentry"],"jetpack_sharing_enabled":true,"_links":{"self":[{"href":"https:\/\/cristalcolorfz.com.co\/index.php\/wp-json\/wp\/v2\/pages\/3383","targetHints":{"allow":["GET"]}}],"collection":[{"href":"https:\/\/cristalcolorfz.com.co\/index.php\/wp-json\/wp\/v2\/pages"}],"about":[{"href":"https:\/\/cristalcolorfz.com.co\/index.php\/wp-json\/wp\/v2\/types\/page"}],"author":[{"embeddable":true,"href":"https:\/\/cristalcolorfz.com.co\/index.php\/wp-json\/wp\/v2\/users\/1"}],"replies":[{"embeddable":true,"href":"https:\/\/cristalcolorfz.com.co\/index.php\/wp-json\/wp\/v2\/comments?post=3383"}],"version-history":[{"count":5,"href":"https:\/\/cristalcolorfz.com.co\/index.php\/wp-json\/wp\/v2\/pages\/3383\/revisions"}],"predecessor-version":[{"id":3389,"href":"https:\/\/cristalcolorfz.com.co\/index.php\/wp-json\/wp\/v2\/pages\/3383\/revisions\/3389"}],"wp:attachment":[{"href":"https:\/\/cristalcolorfz.com.co\/index.php\/wp-json\/wp\/v2\/media?parent=3383"}],"curies":[{"name":"wp","href":"https:\/\/api.w.org\/{rel}","templated":true}]}}